{"id":862,"date":"2021-12-21T17:12:12","date_gmt":"2021-12-21T17:12:12","guid":{"rendered":"http:\/\/spaconcept.mu\/?page_id=862"},"modified":"2022-09-08T07:49:29","modified_gmt":"2022-09-08T07:49:29","slug":"blog","status":"publish","type":"page","link":"https:\/\/spaconcept.mu\/fr\/blog\/","title":{"rendered":"Blog"},"content":{"rendered":"\n<div style=\"height:100px\" aria-hidden=\"true\" class=\"wp-block-spacer\"><\/div>\n\n\n        <div class=\"py-16 lg:py-28 bg-secondary\">\n            <div class=\"container lg:w-11\/12 mx-auto space-y-20\">\n                <!-- pagination-top -->\n                <div class=\"flex flex-col sm:flex-row justify-between items-center sm:items-end gap-5\">\n                    <p class=\"text-primary text-4xl font-bold\">Articles<\/p>\n\n                                            <div class=\"pagenumbers text-primary flex p-2 gap-2\">\n\n                                                            <span aria-bg-primary text-secondary=\"page\" class=\"block flex items-center justify-center text-xs font-bold w-5 h-5 p-1 rounded-full bg-primary text-secondary\">1<\/span>                                                            <a class=\"block flex items-center justify-center text-xs font-bold w-5 h-5 p-1 rounded-full\" href=\"https:\/\/spaconcept.mu\/fr\/wp-json\/wp\/v2\/pages\/862\/page\/2\/\">2<\/a>                                                            <a class=\"block flex items-center justify-center text-xs font-bold w-5 h-5 p-1 rounded-full\" href=\"https:\/\/spaconcept.mu\/fr\/wp-json\/wp\/v2\/pages\/862\/page\/3\/\">3<\/a>                                                            <span class=\"block flex items-center justify-center text-xs font-bold w-5 h-5 p-1 rounded-full dots\">\u2026<\/span>                                                            <a class=\"block flex items-center justify-center text-xs font-bold w-5 h-5 p-1 rounded-full\" href=\"https:\/\/spaconcept.mu\/fr\/wp-json\/wp\/v2\/pages\/862\/page\/5\/\">5<\/a>                                                            <a class=\"next block flex items-center justify-center text-xs font-bold w-5 h-5 p-1 rounded-full\" href=\"https:\/\/spaconcept.mu\/fr\/wp-json\/wp\/v2\/pages\/862\/page\/2\/\">NEXT<\/a>                                                    <\/div>\n                                        <div class=\"spacer\"><\/div>\n                <\/div>\n\n                \n                    <div class=\"grid grid-cols-2 lg:grid-cols-3 text-primary gap-4 sm:gap-10 lg:gap-20\">\n                        <div class=\"col-span-1\">\n                            <div class=\"aspect-w-1 h-full md:aspect-h-1\">\n                                <img loading=\"lazy\" decoding=\"async\" class=\"object-cover rounded\" alt=\"bringing wellness to life\" src=\"<img loading=\"lazy\" decoding=\"async\" width=\"1024\" height=\"512\" src=\"https:\/\/spaconcept.mu\/wp-content\/uploads\/2023\/12\/sds-2-1024x512.jpg\" class=\"attachment-large size-large wp-post-image\" alt=\"\" srcset=\"https:\/\/spaconcept.mu\/wp-content\/uploads\/2023\/12\/sds-2-1024x512.jpg 1024w, https:\/\/spaconcept.mu\/wp-content\/uploads\/2023\/12\/sds-2-300x150.jpg 300w, https:\/\/spaconcept.mu\/wp-content\/uploads\/2023\/12\/sds-2-768x384.jpg 768w, https:\/\/spaconcept.mu\/wp-content\/uploads\/2023\/12\/sds-2.jpg 1500w\" sizes=\"auto, (max-width: 1024px) 100vw, 1024px\" \/>&#8220;>\n                            <\/div>\n                        <\/div>\n                        <div class=\"space-y-10 flex flex-col md:col-span-1 lg:col-span-2 justify-center\">\n                            <h4 class=\"text-xl md:text-2xl font-bold\">Davines : l&#8217;\u00e9pop\u00e9e des soins capillaires d&#8217;exception<\/h4>\n                            <p class=\"text-md md:text-lg leading-5 line-clamp-5\">\n                                <p>Bienvenue dans l&#8217;univers fascinant de la marque de shampooing Davines, une histoire qui prend racine \u00e0 Parme en 1983, lorsque la famille Bollati fonde une entreprise destin\u00e9e \u00e0 r\u00e9volutionner les soins capillaires. Initi\u00e9 en tant que laboratoire de recherche et de fabrication au service de grandes entreprises internationales, le parcours de Davines prend un tournant d\u00e9cisif en 1992. <\/p>\n                            <\/p>\n                            <p>\n                                <a href=\"https:\/\/spaconcept.mu\/fr\/davines-lepopee-des-soins-capillaires-dexception\/\" class=\"inline-block text-center rounded-full border border-primary px-3 py-2 font-bold uppercase text-sm lg:text-md text-primary hover:text-secondary hover:bg-primary transition-colors duration-300\"><span>Read more<\/span>\n                                <\/a>\n                            <\/p>\n                        <\/div>\n                    <\/div>\n                \n                    <div class=\"grid grid-cols-2 lg:grid-cols-3 text-primary gap-4 sm:gap-10 lg:gap-20\">\n                        <div class=\"col-span-1\">\n                            <div class=\"aspect-w-1 h-full md:aspect-h-1\">\n                                <img loading=\"lazy\" decoding=\"async\" class=\"object-cover rounded\" alt=\"bringing wellness to life\" src=\"<img loading=\"lazy\" decoding=\"async\" width=\"819\" height=\"1024\" src=\"https:\/\/spaconcept.mu\/wp-content\/uploads\/2023\/11\/Blog-Cover-Picture-819x1024.jpeg\" class=\"attachment-large size-large wp-post-image\" alt=\"\" srcset=\"https:\/\/spaconcept.mu\/wp-content\/uploads\/2023\/11\/Blog-Cover-Picture-819x1024.jpeg 819w, https:\/\/spaconcept.mu\/wp-content\/uploads\/2023\/11\/Blog-Cover-Picture-240x300.jpeg 240w, https:\/\/spaconcept.mu\/wp-content\/uploads\/2023\/11\/Blog-Cover-Picture-768x960.jpeg 768w, https:\/\/spaconcept.mu\/wp-content\/uploads\/2023\/11\/Blog-Cover-Picture-1229x1536.jpeg 1229w, https:\/\/spaconcept.mu\/wp-content\/uploads\/2023\/11\/Blog-Cover-Picture-1638x2048.jpeg 1638w, https:\/\/spaconcept.mu\/wp-content\/uploads\/2023\/11\/Blog-Cover-Picture-scaled.jpeg 2048w\" sizes=\"auto, (max-width: 819px) 100vw, 819px\" \/>&#8220;>\n                            <\/div>\n                        <\/div>\n                        <div class=\"space-y-10 flex flex-col md:col-span-1 lg:col-span-2 justify-center\">\n                            <h4 class=\"text-xl md:text-2xl font-bold\">D\u00e9cryptage cosm\u00e9tique : guide INCI pour une beaut\u00e9 inform\u00e9e<\/h4>\n                            <p class=\"text-md md:text-lg leading-5 line-clamp-5\">\n                                <p>De nos jours, les consommateurs avertis sont de plus en plus nombreux \u00e0 examiner attentivement les \u00e9tiquettes des produits de beaut\u00e9, manifestant ainsi leur pr\u00e9occupation pour les composants qui entrent en contact avec leur peau. Cette mont\u00e9e de la conscience de la composition des produits cosm\u00e9tiques a engendr\u00e9 un mouvement visant \u00e0 promouvoir des alternatives [&hellip;]<\/p>\n                            <\/p>\n                            <p>\n                                <a href=\"https:\/\/spaconcept.mu\/fr\/decryptage-cosmetique-guide-inci-pour-une-beaute-informee\/\" class=\"inline-block text-center rounded-full border border-primary px-3 py-2 font-bold uppercase text-sm lg:text-md text-primary hover:text-secondary hover:bg-primary transition-colors duration-300\"><span>Read more<\/span>\n                                <\/a>\n                            <\/p>\n                        <\/div>\n                    <\/div>\n                \n                    <div class=\"grid grid-cols-2 lg:grid-cols-3 text-primary gap-4 sm:gap-10 lg:gap-20\">\n                        <div class=\"col-span-1\">\n                            <div class=\"aspect-w-1 h-full md:aspect-h-1\">\n                                <img loading=\"lazy\" decoding=\"async\" class=\"object-cover rounded\" alt=\"bringing wellness to life\" src=\"<img loading=\"lazy\" decoding=\"async\" width=\"1024\" height=\"1024\" src=\"https:\/\/spaconcept.mu\/wp-content\/uploads\/2023\/10\/Photo-1024x1024.jpg\" class=\"attachment-large size-large wp-post-image\" alt=\"\" srcset=\"https:\/\/spaconcept.mu\/wp-content\/uploads\/2023\/10\/Photo-1024x1024.jpg 1024w, https:\/\/spaconcept.mu\/wp-content\/uploads\/2023\/10\/Photo-300x300.jpg 300w, https:\/\/spaconcept.mu\/wp-content\/uploads\/2023\/10\/Photo-150x150.jpg 150w, https:\/\/spaconcept.mu\/wp-content\/uploads\/2023\/10\/Photo-768x768.jpg 768w, https:\/\/spaconcept.mu\/wp-content\/uploads\/2023\/10\/Photo.jpg 1080w\" sizes=\"auto, (max-width: 1024px) 100vw, 1024px\" \/>&#8220;>\n                            <\/div>\n                        <\/div>\n                        <div class=\"space-y-10 flex flex-col md:col-span-1 lg:col-span-2 justify-center\">\n                            <h4 class=\"text-xl md:text-2xl font-bold\">\u00c9chantillons en spa : le secret du succ\u00e8s commercial et de l\u2019exp\u00e9rience client<\/h4>\n                            <p class=\"text-md md:text-lg leading-5 line-clamp-5\">\n                                <p>Bienvenue dans le monde fascinant des \u00e9chantillons en spa, o\u00f9 la satisfaction du client et le succ\u00e8s commercial se rejoignent harmonieusement pour cr\u00e9er une exp\u00e9rience inoubliable. Lorsqu&#8217;il s&#8217;agit de l&#8217;industrie du bien-\u00eatre et de la beaut\u00e9, une chose est ind\u00e9niable : l&#8217;importance de l&#8217;exp\u00e9rience client. Les spas, ces havres de d\u00e9tente et de soins, sont [&hellip;]<\/p>\n                            <\/p>\n                            <p>\n                                <a href=\"https:\/\/spaconcept.mu\/fr\/echantillons-en-spa-le-secret-du-succes-commercial-et-de-lexperience-client\/\" class=\"inline-block text-center rounded-full border border-primary px-3 py-2 font-bold uppercase text-sm lg:text-md text-primary hover:text-secondary hover:bg-primary transition-colors duration-300\"><span>Read more<\/span>\n                                <\/a>\n                            <\/p>\n                        <\/div>\n                    <\/div>\n                \n                    <div class=\"grid grid-cols-2 lg:grid-cols-3 text-primary gap-4 sm:gap-10 lg:gap-20\">\n                        <div class=\"col-span-1\">\n                            <div class=\"aspect-w-1 h-full md:aspect-h-1\">\n                                <img loading=\"lazy\" decoding=\"async\" class=\"object-cover rounded\" alt=\"bringing wellness to life\" src=\"<img loading=\"lazy\" decoding=\"async\" width=\"1024\" height=\"683\" src=\"https:\/\/spaconcept.mu\/wp-content\/uploads\/2023\/09\/Photo-1024x683.jpg\" class=\"attachment-large size-large wp-post-image\" alt=\"\" srcset=\"https:\/\/spaconcept.mu\/wp-content\/uploads\/2023\/09\/Photo-1024x683.jpg 1024w, https:\/\/spaconcept.mu\/wp-content\/uploads\/2023\/09\/Photo-300x200.jpg 300w, https:\/\/spaconcept.mu\/wp-content\/uploads\/2023\/09\/Photo-768x512.jpg 768w, https:\/\/spaconcept.mu\/wp-content\/uploads\/2023\/09\/Photo-1536x1024.jpg 1536w, https:\/\/spaconcept.mu\/wp-content\/uploads\/2023\/09\/Photo-2048x1365.jpg 2048w\" sizes=\"auto, (max-width: 1024px) 100vw, 1024px\" \/>&#8220;>\n                            <\/div>\n                        <\/div>\n                        <div class=\"space-y-10 flex flex-col md:col-span-1 lg:col-span-2 justify-center\">\n                            <h4 class=\"text-xl md:text-2xl font-bold\">Perfectionner l&#8217;Art de l&#8217;accueil t\u00e9l\u00e9phonique dans l&#8217;Industrie du spa<\/h4>\n                            <p class=\"text-md md:text-lg leading-5 line-clamp-5\">\n                                <p>L&#8217;accueil t\u00e9l\u00e9phonique tient un r\u00f4le fondamental au sein d&#8217;un spa. En effet, il marque le point de d\u00e9part de la relation entre le client et l&#8217;\u00e9tablissement, fa\u00e7onnant ainsi la premi\u00e8re impression du visiteur. Lorsque le t\u00e9l\u00e9phone sonne, cela repr\u00e9sente une opportunit\u00e9 de cr\u00e9er une exp\u00e9rience inoubliable d\u00e8s les premiers instants. Un accueil t\u00e9l\u00e9phonique chaleureux, empreint [&hellip;]<\/p>\n                            <\/p>\n                            <p>\n                                <a href=\"https:\/\/spaconcept.mu\/fr\/perfectionner-lart-de-laccueil-telephonique-dans-lindustrie-du-spa\/\" class=\"inline-block text-center rounded-full border border-primary px-3 py-2 font-bold uppercase text-sm lg:text-md text-primary hover:text-secondary hover:bg-primary transition-colors duration-300\"><span>Read more<\/span>\n                                <\/a>\n                            <\/p>\n                        <\/div>\n                    <\/div>\n                \n                <!-- pagination-bottom -->\n                <div class=\"flex flex-col sm:flex-row justify-between items-center sm:items-end gap-5\">\n                    <p class=\"text-primary text-4xl font-bold invisible\">Articles<\/p>\n                    <div class=\"pagenumbers text-primary flex p-2 gap-2\">\n                                                    <div class=\"pagenumbers text-primary flex p-2 gap-2\">\n\n                                                                    <span aria-bg-primary text-secondary=\"page\" class=\"block flex items-center justify-center text-xs font-bold w-5 h-5 p-1 rounded-full bg-primary text-secondary\">1<\/span>                                                                    <a class=\"block flex items-center justify-center text-xs font-bold w-5 h-5 p-1 rounded-full\" href=\"https:\/\/spaconcept.mu\/fr\/wp-json\/wp\/v2\/pages\/862\/page\/2\/\">2<\/a>                                                                    <a class=\"block flex items-center justify-center text-xs font-bold w-5 h-5 p-1 rounded-full\" href=\"https:\/\/spaconcept.mu\/fr\/wp-json\/wp\/v2\/pages\/862\/page\/3\/\">3<\/a>                                                                    <span class=\"block flex items-center justify-center text-xs font-bold w-5 h-5 p-1 rounded-full dots\">\u2026<\/span>                                                                    <a class=\"block flex items-center justify-center text-xs font-bold w-5 h-5 p-1 rounded-full\" href=\"https:\/\/spaconcept.mu\/fr\/wp-json\/wp\/v2\/pages\/862\/page\/5\/\">5<\/a>                                                                    <a class=\"next block flex items-center justify-center text-xs font-bold w-5 h-5 p-1 rounded-full\" href=\"https:\/\/spaconcept.mu\/fr\/wp-json\/wp\/v2\/pages\/862\/page\/2\/\">NEXT<\/a>                                                            <\/div>\n                                            <\/div>\n                    <div class=\"spacer\"><\/div>\n                <\/div>\n\n            <\/div>\n        <\/div>\n    \n\n    <div class=\"py-16 lg:py-28 \">\n        <div class=\"container lg:w-11\/12 mx-auto grid grid-cols-1 md:grid-cols-2 lg:grid-cols-3 gap-4\">\n            <div class=\"md:col-span-1 lg:col-span-2 flex flex-col justify-between\">\n                <div class=\"space-y-10 flex flex-col justify-center\">\n                    <h4 class=\"text-3xl md:text-4xl text-primary font-bold\">Bonjour !<\/h4>\n                    <div class=\"paragraphs text-lg text-primary leading-5 max-w-2xl\">\n                        <p class=\"my-2\">Vous avez un projet, vous souhaitez nous poser une question, n\u2019h\u00e9sitez pas \u00e0 nous contacter.\r\n<\/p>\n                    <\/div>\n                <\/div>\n                <div class=\"reach-us-social flex space-x-2 my-3 justify-center sm:justify-start\">\n                    <a href=\"https:\/\/www.linkedin.com\/company\/spaconcept\/\" class=\"font-extrabold text-lg uppercase\">\n                        <img decoding=\"async\" src=\"https:\/\/spaconcept.mu\/wp-content\/themes\/spaconcept\/resources\/images\/LinkedIn-logo@2x.png\" alt=\"LinkedIn Logo\" srcset=\"https:\/\/spaconcept.mu\/wp-content\/themes\/spaconcept\/resources\/images\/LinkedIn-logo.svg\" class=\"w-8 lg:w-10\">\n                    <\/a>\n                    <a href=\"https:\/\/www.facebook.com\/spaconcept.mu\" class=\"font-extrabold text-lg uppercase\">\n                        <img decoding=\"async\" src=\"https:\/\/spaconcept.mu\/wp-content\/themes\/spaconcept\/resources\/images\/Facebook-logo@2x.png\" alt=\"Facebook Logo\" srcset=\"https:\/\/spaconcept.mu\/wp-content\/themes\/spaconcept\/resources\/images\/Facebook-logo.svg\" class=\"w-8 lg:w-10\">\n                    <\/a>\n                    <a href=\"https:\/\/www.instagram.com\/spaconcept_\/\" class=\"font-extrabold text-lg uppercase\">\n                        <img decoding=\"async\" src=\"https:\/\/spaconcept.mu\/wp-content\/themes\/spaconcept\/resources\/images\/Instagram-logo@2x.png\" alt=\"Instagram Logo\" srcset=\"https:\/\/spaconcept.mu\/wp-content\/themes\/spaconcept\/resources\/images\/Instagram-logo.svg\" class=\"w-8 lg:w-10\">\n                    <\/a>\n                    <a href=\"https:\/\/wa.me\/23054901045\" class=\"font-extrabold text-lg uppercase\">\n                        <img decoding=\"async\" src=\"https:\/\/spaconcept.mu\/wp-content\/themes\/spaconcept\/resources\/images\/Whatsapp-logo@2x.png\" alt=\"Whatsapp Logo\" srcset=\"https:\/\/spaconcept.mu\/wp-content\/themes\/spaconcept\/resources\/images\/Whatsapp-logo.svg\" class=\"w-8 lg:w-10\">\n                    <\/a>\n                <\/div>\n            <\/div>\n            <div class=\"space-y-7 flex flex-col items-center\">\n                <p class=\"text-primary\">Contactez-nous<\/p>\n                \n<div class=\"wpcf7 no-js\" id=\"wpcf7-f499-o1\" lang=\"en-US\" dir=\"ltr\">\n<div class=\"screen-reader-response\"><p role=\"status\" aria-live=\"polite\" aria-atomic=\"true\"><\/p> <ul><\/ul><\/div>\n<form action=\"\/fr\/wp-json\/wp\/v2\/pages\/862#wpcf7-f499-o1\" method=\"post\" class=\"wpcf7-form init reach-us-form w-1012 lg:w-full lg:pl-10\" aria-label=\"Contact form\" novalidate=\"novalidate\" data-status=\"init\">\n<div style=\"display: none;\">\n<input type=\"hidden\" name=\"_wpcf7\" value=\"499\" \/>\n<input type=\"hidden\" name=\"_wpcf7_version\" value=\"5.9.6\" \/>\n<input type=\"hidden\" name=\"_wpcf7_locale\" value=\"en_US\" \/>\n<input type=\"hidden\" name=\"_wpcf7_unit_tag\" value=\"wpcf7-f499-o1\" \/>\n<input type=\"hidden\" name=\"_wpcf7_container_post\" value=\"0\" \/>\n<input type=\"hidden\" name=\"_wpcf7_posted_data_hash\" value=\"\" \/>\n<\/div>\n<div class=\"mb-4\">\n                        <label class=\"sr-only\" for=\"fullname\">\n                            Nom\n                        <\/label>\n<span class=\"wpcf7-form-control-wrap\" data-name=\"full-name\"><input size=\"40\" maxlength=\"80\" class=\"wpcf7-form-control wpcf7-text wpcf7-validates-as-required appearance-none border border-primary rounded w-full py-4 px-5 text-gray-700 leading-tight focus:outline-none focus:shadow-outline\" id=\"fullname\" aria-required=\"true\" aria-invalid=\"false\" placeholder=\"Nom\" value=\"\" type=\"text\" name=\"full-name\" \/><\/span>\n                    <\/div>\n                    <div class=\"mb-4\">\n                        <label class=\"sr-only\" for=\"emailadd\">\n                            Email\n                        <\/label>\n<span class=\"wpcf7-form-control-wrap\" data-name=\"email\"><input size=\"40\" maxlength=\"80\" class=\"wpcf7-form-control wpcf7-email wpcf7-validates-as-required wpcf7-text wpcf7-validates-as-email appearance-none border border-primary rounded w-full py-4 px-5 text-gray-700 mb-3 leading-tight focus:outline-none focus:shadow-outline\" id=\"emailadd\" aria-required=\"true\" aria-invalid=\"false\" placeholder=\"Email\" value=\"\" type=\"email\" name=\"email\" \/><\/span>\n                    <\/div>\n                    <div class=\"mb-6\">\n                        <label for=\"message\" class=\"sr-only\">\n                            Message\n                        <\/label>\n<span class=\"wpcf7-form-control-wrap\" data-name=\"message\"><textarea cols=\"40\" rows=\"2\" maxlength=\"400\" class=\"wpcf7-form-control wpcf7-textarea wpcf7-validates-as-required appearance-none border border-primary rounded w-full py-4 px-5 text-gray-700 leading-tight focus:outline-none focus:shadow-outline\" id=\"message\" aria-required=\"true\" aria-invalid=\"false\" placeholder=\"Message\" name=\"message\"><\/textarea><\/span>\n\n                    <\/div>\n                    <div class=\"flex items-center justify-between\">\n<input class=\"wpcf7-form-control wpcf7-submit has-spinner w-full bg-primary hover:bg-yellow-900 transition duration-300 text-white font-bold py-4 px-5 rounded focus:outline-none focus:shadow-outline\" type=\"submit\" value=\"Envoyer\" \/>\n                    <\/div><div class=\"wpcf7-response-output\" aria-hidden=\"true\"><\/div>\n<\/form>\n<\/div>\n\n            <\/div>\n        <\/div>\n\n        <div class=\"newsletter-wrap grid grid-cols-1 lg:grid-cols-3 gap-4 container w-11\/12 mx-auto  bg-secondary p-8 rounded-lg items-center mt-10 relative mt-20  bg-secondary\">\n            <p class=\"text-primary text-center lg:text-left\">Abonnez-vous<\/p>\n            \n<div class=\"wpcf7 no-js\" id=\"wpcf7-f500-o2\" lang=\"en-US\" dir=\"ltr\">\n<div class=\"screen-reader-response\"><p role=\"status\" aria-live=\"polite\" aria-atomic=\"true\"><\/p> <ul><\/ul><\/div>\n<form action=\"\/fr\/wp-json\/wp\/v2\/pages\/862#wpcf7-f500-o2\" method=\"post\" class=\"wpcf7-form init relative flex\" aria-label=\"Contact form\" novalidate=\"novalidate\" data-status=\"init\">\n<div style=\"display: none;\">\n<input type=\"hidden\" name=\"_wpcf7\" value=\"500\" \/>\n<input type=\"hidden\" name=\"_wpcf7_version\" value=\"5.9.6\" \/>\n<input type=\"hidden\" name=\"_wpcf7_locale\" value=\"en_US\" \/>\n<input type=\"hidden\" name=\"_wpcf7_unit_tag\" value=\"wpcf7-f500-o2\" \/>\n<input type=\"hidden\" name=\"_wpcf7_container_post\" value=\"0\" \/>\n<input type=\"hidden\" name=\"_wpcf7_posted_data_hash\" value=\"\" \/>\n<\/div>\n<div class=\"col-span-2\">\n                <label class=\"sr-only\" for=\"newsletterfullname\">\n                    Nom\n                <\/label>\n<span class=\"wpcf7-form-control-wrap\" data-name=\"newsletter-name\"><input size=\"40\" maxlength=\"80\" class=\"wpcf7-form-control wpcf7-text appearance-none border border-primary rounded w-full py-4 px-5 text-primary leading-tight focus:outline-none focusplaceholder-gray-300 focus:shadow-outline\" id=\"newsletterfullname\" aria-invalid=\"false\" placeholder=\"Nom\" value=\"\" type=\"text\" name=\"newsletter-name\" \/><\/span>\n            <\/div>\n            <div class=\"col-span-2\">\n                <label class=\"sr-only\" for=\"newsletteremail\">\n                    Email\n                <\/label>\n<span class=\"wpcf7-form-control-wrap\" data-name=\"email\"><input size=\"40\" maxlength=\"80\" class=\"wpcf7-form-control wpcf7-email wpcf7-text wpcf7-validates-as-email appearance-none border border-primary rounded w-full py-4 px-5 text-gray-700 leading-tight focus:outline-none focus:shadow-outline\" id=\"newsletteremail\" aria-invalid=\"false\" placeholder=\"Email\" value=\"\" type=\"email\" name=\"email\" \/><\/span>\n            <\/div>\n            <div class=\"col-span-2 md:col-span-1 flex items-center justify-between\">\n<input class=\"wpcf7-form-control wpcf7-submit has-spinner w-full bg-primary hover:bg-yellow-900 transition duration-300 text-white font-bold py-4 px-2 rounded focus:outline-none focus:shadow-outline leading-tight\" type=\"submit\" value=\"Inscrivez-vous\" \/>\n            <\/div><div class=\"wpcf7-response-output\" aria-hidden=\"true\"><\/div>\n<\/form>\n<\/div>\n\n        <\/div>\n\n    <\/div>\n","protected":false},"excerpt":{"rendered":"","protected":false},"author":1,"featured_media":0,"parent":0,"menu_order":0,"comment_status":"closed","ping_status":"closed","template":"page-gutenberg.php","meta":{"footnotes":""},"class_list":["post-862","page","type-page","status-publish","hentry"],"_links":{"self":[{"href":"https:\/\/spaconcept.mu\/fr\/wp-json\/wp\/v2\/pages\/862","targetHints":{"allow":["GET"]}}],"collection":[{"href":"https:\/\/spaconcept.mu\/fr\/wp-json\/wp\/v2\/pages"}],"about":[{"href":"https:\/\/spaconcept.mu\/fr\/wp-json\/wp\/v2\/types\/page"}],"author":[{"embeddable":true,"href":"https:\/\/spaconcept.mu\/fr\/wp-json\/wp\/v2\/users\/1"}],"replies":[{"embeddable":true,"href":"https:\/\/spaconcept.mu\/fr\/wp-json\/wp\/v2\/comments?post=862"}],"version-history":[{"count":3,"href":"https:\/\/spaconcept.mu\/fr\/wp-json\/wp\/v2\/pages\/862\/revisions"}],"predecessor-version":[{"id":872,"href":"https:\/\/spaconcept.mu\/fr\/wp-json\/wp\/v2\/pages\/862\/revisions\/872"}],"wp:attachment":[{"href":"https:\/\/spaconcept.mu\/fr\/wp-json\/wp\/v2\/media?parent=862"}],"curies":[{"name":"wp","href":"https:\/\/api.w.org\/{rel}","templated":true}]}}